{"id":181,"date":"2025-03-20T08:14:49","date_gmt":"2025-03-20T08:14:49","guid":{"rendered":"https:\/\/tygwiniz.fr\/?page_id=181"},"modified":"2025-04-22T08:49:22","modified_gmt":"2025-04-22T08:49:22","slug":"181-2","status":"publish","type":"page","link":"https:\/\/tygwiniz.fr\/?page_id=181","title":{"rendered":"Nos produits"},"content":{"rendered":"<p>[et_pb_section fb_built=\u00a0\u00bb1&Prime; admin_label=\u00a0\u00bbHeader\u00a0\u00bb _builder_version=\u00a0\u00bb4.23.1&Prime; _module_preset=\u00a0\u00bbdefault\u00a0\u00bb background_color=\u00a0\u00bbgcid-3d77f18a-71d5-4051-b3de-cc8639fa0c6d\u00a0\u00bb background_enable_image=\u00a0\u00bboff\u00a0\u00bb locked=\u00a0\u00bboff\u00a0\u00bb collapsed=\u00a0\u00bbon\u00a0\u00bb global_colors_info=\u00a0\u00bb{%22gcid-3d77f18a-71d5-4051-b3de-cc8639fa0c6d%22:%91%22background_color%22%93}\u00a0\u00bb][et_pb_row _builder_version=\u00a0\u00bb4.23.1&Prime; _module_preset=\u00a0\u00bbdefault\u00a0\u00bb max_width=\u00a0\u00bbnone\u00a0\u00bb locked=\u00a0\u00bboff\u00a0\u00bb global_colors_info=\u00a0\u00bb{}\u00a0\u00bb][et_pb_column type=\u00a0\u00bb4_4&Prime; _builder_version=\u00a0\u00bb4.23.1&Prime; _module_preset=\u00a0\u00bbdefault\u00a0\u00bb global_colors_info=\u00a0\u00bb{}\u00a0\u00bb][et_pb_text _builder_version=\u00a0\u00bb4.23.1&Prime; _module_preset=\u00a0\u00bba06f097f-1289-44d8-a858-1891bef7797d\u00a0\u00bb header_text_color=\u00a0\u00bb#FFFFFF\u00a0\u00bb text_orientation=\u00a0\u00bbcenter\u00a0\u00bb custom_margin=\u00a0\u00bb||10px||false|false\u00a0\u00bb header_font_size_tablet=\u00a0\u00bb5vw\u00a0\u00bb header_font_size_phone=\u00a0\u00bb5vw\u00a0\u00bb header_font_size_last_edited=\u00a0\u00bboff|phone\u00a0\u00bb inline_fonts=\u00a0\u00bbAlata\u00a0\u00bb global_colors_info=\u00a0\u00bb{}\u00a0\u00bb]<\/p>\n<h1><strong><span style=\"color: #000000; font-family: Alata;\">NOS PRODUITS<\/span><\/strong><\/h1>\n<p>[\/et_pb_text][\/et_pb_column][\/et_pb_row][\/et_pb_section][et_pb_section fb_built=\u00a0\u00bb1&Prime; admin_label=\u00a0\u00bbPopular Recipes\u00a0\u00bb _builder_version=\u00a0\u00bb4.23.1&Prime; _module_preset=\u00a0\u00bbdefault\u00a0\u00bb locked=\u00a0\u00bboff\u00a0\u00bb collapsed=\u00a0\u00bbon\u00a0\u00bb global_colors_info=\u00a0\u00bb{}\u00a0\u00bb][et_pb_row column_structure=\u00a0\u00bb1_3,1_3,1_3&Prime; _builder_version=\u00a0\u00bb4.23.1&Prime; _module_preset=\u00a0\u00bbdefault\u00a0\u00bb locked=\u00a0\u00bboff\u00a0\u00bb global_colors_info=\u00a0\u00bb{}\u00a0\u00bb][et_pb_column type=\u00a0\u00bb1_3&Prime; _builder_version=\u00a0\u00bb4.23.1&Prime; _module_preset=\u00a0\u00bbdefault\u00a0\u00bb global_colors_info=\u00a0\u00bb{}\u00a0\u00bb][et_pb_image src=\u00a0\u00bbhttps:\/\/tygwiniz.fr\/wp-content\/uploads\/2025\/03\/crepes-1-scaled.jpg\u00a0\u00bb title_text=\u00a0\u00bbcre\u0302pes\u00a0\u00bb _builder_version=\u00a0\u00bb4.27.4&Prime; _module_preset=\u00a0\u00bbdefault\u00a0\u00bb transform_scale=\u00a0\u00bb84%|84%\u00a0\u00bb transform_translate=\u00a0\u00bb0px|-12px\u00a0\u00bb global_colors_info=\u00a0\u00bb{}\u00a0\u00bb][\/et_pb_image][et_pb_text _builder_version=\u00a0\u00bb4.27.4&Prime; _module_preset=\u00a0\u00bbe89febf2-937d-488d-8a67-02999a8fdf42&Prime; transform_scale=\u00a0\u00bb120%|120%\u00a0\u00bb transform_translate=\u00a0\u00bb22px|-30px\u00a0\u00bb transform_translate_linked=\u00a0\u00bboff\u00a0\u00bb custom_padding=\u00a0\u00bb0px|||||\u00a0\u00bb inline_fonts=\u00a0\u00bbDM Sans\u00a0\u00bb global_colors_info=\u00a0\u00bb{}\u00a0\u00bb]<\/p>\n<h5><span style=\"font-family: 'DM Sans'; font-weight: normal;\"><strong>Nos cr\u00eapes<\/strong><\/span><\/h5>\n<p>[\/et_pb_text][et_pb_text _builder_version=\u00a0\u00bb4.27.4&Prime; _module_preset=\u00a0\u00bbd208636f-60f7-4bf8-96a9-c839f2d944ad\u00a0\u00bb transform_scale_linked=\u00a0\u00bboff\u00a0\u00bb transform_translate=\u00a0\u00bb-6px|-32px\u00a0\u00bb transform_translate_linked=\u00a0\u00bboff\u00a0\u00bb hover_enabled=\u00a0\u00bb0&Prime; inline_fonts=\u00a0\u00bbDM Sans\u00a0\u00bb global_colors_info=\u00a0\u00bb{}\u00a0\u00bb sticky_enabled=\u00a0\u00bb0&Prime;]<\/p>\n<h4><span style=\"font-family: 'DM Sans'; font-weight: normal;\">Venez d\u00e9couvrir nos d\u00e9licieuses cr\u00eapes de froment et de bl\u00e9 noir !<\/span><\/h4>\n<p>[\/et_pb_text][et_pb_button button_url=\u00a0\u00bbhttps:\/\/tygwiniz.fr\/?page_id=197&Prime; button_text=\u00a0\u00bbVoir Plus\u00a0\u00bb _builder_version=\u00a0\u00bb4.27.4&Prime; _module_preset=\u00a0\u00bbbc4c50bb-66c7-4b86-b033-98078d5aa7cf\u00a0\u00bb button_text_color=\u00a0\u00bb#f1532b\u00a0\u00bb button_border_color=\u00a0\u00bb#f1532b\u00a0\u00bb transform_translate=\u00a0\u00bb-12px|-10px\u00a0\u00bb transform_translate_linked=\u00a0\u00bboff\u00a0\u00bb global_colors_info=\u00a0\u00bb{}\u00a0\u00bb][\/et_pb_button][\/et_pb_column][et_pb_column type=\u00a0\u00bb1_3&Prime; _builder_version=\u00a0\u00bb4.23.1&Prime; _module_preset=\u00a0\u00bbdefault\u00a0\u00bb global_colors_info=\u00a0\u00bb{}\u00a0\u00bb][et_pb_image src=\u00a0\u00bbhttps:\/\/tygwiniz.fr\/wp-content\/uploads\/2025\/03\/caramel-2.jpg\u00a0\u00bb title_text=\u00a0\u00bbcaramel 2&Prime; _builder_version=\u00a0\u00bb4.27.4&Prime; _module_preset=\u00a0\u00bbdefault\u00a0\u00bb transform_translate=\u00a0\u00bb37px|4px\u00a0\u00bb width=\u00a0\u00bb70%\u00a0\u00bb max_width=\u00a0\u00bb99%\u00a0\u00bb global_colors_info=\u00a0\u00bb{}\u00a0\u00bb][\/et_pb_image][et_pb_text _builder_version=\u00a0\u00bb4.27.4&Prime; _module_preset=\u00a0\u00bbe89febf2-937d-488d-8a67-02999a8fdf42&Prime; transform_translate=\u00a0\u00bb19px|0px\u00a0\u00bb inline_fonts=\u00a0\u00bbDM Sans\u00a0\u00bb global_colors_info=\u00a0\u00bb{}\u00a0\u00bb]<\/p>\n<h5><strong><span style=\"font-family: 'DM Sans';\">Notre caramel au beurre sal\u00e9<\/span><\/strong><\/h5>\n<p>[\/et_pb_text][et_pb_text _builder_version=\u00a0\u00bb4.27.4&Prime; _module_preset=\u00a0\u00bbd208636f-60f7-4bf8-96a9-c839f2d944ad\u00a0\u00bb transform_translate=\u00a0\u00bb20px|0px\u00a0\u00bb transform_translate_linked=\u00a0\u00bboff\u00a0\u00bb width=\u00a0\u00bb94.3%\u00a0\u00bb custom_margin=\u00a0\u00bb|19px||||\u00a0\u00bb inline_fonts=\u00a0\u00bbDM Sans\u00a0\u00bb global_colors_info=\u00a0\u00bb{}\u00a0\u00bb]<\/p>\n<h4><span style=\"font-family: 'DM Sans'; font-weight: normal;\">Vous allez fondre pour notre caramel au beurre sal\u00e9 !<\/span><\/h4>\n<p>[\/et_pb_text][et_pb_button button_url=\u00a0\u00bbhttps:\/\/tygwiniz.fr\/?page_id=225&Prime; button_text=\u00a0\u00bbVoir plus\u00a0\u00bb _builder_version=\u00a0\u00bb4.27.4&Prime; _module_preset=\u00a0\u00bbbc4c50bb-66c7-4b86-b033-98078d5aa7cf\u00a0\u00bb button_text_color=\u00a0\u00bb#f1532b\u00a0\u00bb button_border_color=\u00a0\u00bb#f1532b\u00a0\u00bb transform_translate=\u00a0\u00bb29px|26px\u00a0\u00bb transform_translate_linked=\u00a0\u00bboff\u00a0\u00bb locked=\u00a0\u00bboff\u00a0\u00bb global_colors_info=\u00a0\u00bb{}\u00a0\u00bb][\/et_pb_button][\/et_pb_column][et_pb_column type=\u00a0\u00bb1_3&Prime; _builder_version=\u00a0\u00bb4.23.1&Prime; _module_preset=\u00a0\u00bbdefault\u00a0\u00bb global_colors_info=\u00a0\u00bb{}\u00a0\u00bb][et_pb_image src=\u00a0\u00bbhttps:\/\/tygwiniz.fr\/wp-content\/uploads\/2025\/03\/IMG_1938.jpg\u00a0\u00bb title_text=\u00a0\u00bbIMG_1938&Prime; _builder_version=\u00a0\u00bb4.27.4&Prime; _module_preset=\u00a0\u00bbdefault\u00a0\u00bb global_colors_info=\u00a0\u00bb{}\u00a0\u00bb][\/et_pb_image][et_pb_text _builder_version=\u00a0\u00bb4.27.4&Prime; _module_preset=\u00a0\u00bbe89febf2-937d-488d-8a67-02999a8fdf42&Prime; inline_fonts=\u00a0\u00bbDM Sans\u00a0\u00bb global_colors_info=\u00a0\u00bb{}\u00a0\u00bb]<\/p>\n<h5><span style=\"font-family: 'DM Sans'; font-weight: normal;\"><strong>Nos chips de sarrasin<\/strong><\/span><\/h5>\n<p>[\/et_pb_text][et_pb_text _builder_version=\u00a0\u00bb4.23.1&Prime; _module_preset=\u00a0\u00bbd208636f-60f7-4bf8-96a9-c839f2d944ad\u00a0\u00bb inline_fonts=\u00a0\u00bbDM Sans\u00a0\u00bb global_colors_info=\u00a0\u00bb{}\u00a0\u00bb]<\/p>\n<h4><span style=\"font-family: 'DM Sans'; font-weight: normal;\">Craquez pour nos chips de sarrasin !<\/span><\/h4>\n<p>[\/et_pb_text][et_pb_button button_url=\u00a0\u00bbhttps:\/\/tygwiniz.fr\/?page_id=242&Prime; button_text=\u00a0\u00bbVoir plus\u00a0\u00bb _builder_version=\u00a0\u00bb4.27.4&Prime; _module_preset=\u00a0\u00bbbc4c50bb-66c7-4b86-b033-98078d5aa7cf\u00a0\u00bb button_text_color=\u00a0\u00bb#f1532b\u00a0\u00bb button_border_color=\u00a0\u00bb#f1532b\u00a0\u00bb transform_translate=\u00a0\u00bb-3px|38px\u00a0\u00bb transform_translate_linked=\u00a0\u00bboff\u00a0\u00bb locked=\u00a0\u00bboff\u00a0\u00bb global_colors_info=\u00a0\u00bb{}\u00a0\u00bb][\/et_pb_button][\/et_pb_column][\/et_pb_row][\/et_pb_section]<\/p>\n","protected":false},"excerpt":{"rendered":"<p>NOS PRODUITSNos cr\u00eapesVenez d\u00e9couvrir nos d\u00e9licieuses cr\u00eapes de froment et de bl\u00e9 noir !Notre caramel au beurre sal\u00e9Vous allez fondre pour notre caramel au beurre sal\u00e9 !Nos chips de sarrasinCraquez pour nos chips de sarrasin !<\/p>\n","protected":false},"author":5,"featured_media":0,"parent":0,"menu_order":2,"comment_status":"closed","ping_status":"closed","template":"","meta":{"_et_pb_use_builder":"on","_et_pb_old_content":"","_et_gb_content_width":"","footnotes":""},"class_list":["post-181","page","type-page","status-publish","hentry"],"jetpack_sharing_enabled":true,"_links":{"self":[{"href":"https:\/\/tygwiniz.fr\/index.php?rest_route=\/wp\/v2\/pages\/181","targetHints":{"allow":["GET"]}}],"collection":[{"href":"https:\/\/tygwiniz.fr\/index.php?rest_route=\/wp\/v2\/pages"}],"about":[{"href":"https:\/\/tygwiniz.fr\/index.php?rest_route=\/wp\/v2\/types\/page"}],"author":[{"embeddable":true,"href":"https:\/\/tygwiniz.fr\/index.php?rest_route=\/wp\/v2\/users\/5"}],"replies":[{"embeddable":true,"href":"https:\/\/tygwiniz.fr\/index.php?rest_route=%2Fwp%2Fv2%2Fcomments&post=181"}],"version-history":[{"count":14,"href":"https:\/\/tygwiniz.fr\/index.php?rest_route=\/wp\/v2\/pages\/181\/revisions"}],"predecessor-version":[{"id":634,"href":"https:\/\/tygwiniz.fr\/index.php?rest_route=\/wp\/v2\/pages\/181\/revisions\/634"}],"wp:attachment":[{"href":"https:\/\/tygwiniz.fr\/index.php?rest_route=%2Fwp%2Fv2%2Fmedia&parent=181"}],"curies":[{"name":"wp","href":"https:\/\/api.w.org\/{rel}","templated":true}]}}